{"id":11237,"date":"2024-03-22T09:41:31","date_gmt":"2024-03-22T08:41:31","guid":{"rendered":"https:\/\/digimetrica.com\/servizi\/"},"modified":"2025-09-03T14:35:55","modified_gmt":"2025-09-03T12:35:55","slug":"services-and-solutions","status":"publish","type":"page","link":"https:\/\/digimetrica.com\/en\/services-and-solutions\/","title":{"rendered":"Services &#038; Solutions"},"content":{"rendered":"\t\t<div data-elementor-type=\"wp-page\" data-elementor-id=\"11237\" class=\"elementor elementor-11237 elementor-7895\">\n\t\t\t\t<div class=\"elementor-element elementor-element-e392966 e-con-full e-flex e-con e-parent\" data-id=\"e392966\" data-element_type=\"container\" data-e-type=\"container\" data-settings=\"{&quot;background_background&quot;:&quot;classic&quot;}\">\n\t\t<div class=\"elementor-element elementor-element-a44fc71 e-flex e-con-boxed e-con e-child\" data-id=\"a44fc71\" data-element_type=\"container\" data-e-type=\"container\">\n\t\t\t\t\t<div class=\"e-con-inner\">\n\t\t<div class=\"elementor-element elementor-element-0035d48 e-flex e-con-boxed e-con e-child\" data-id=\"0035d48\" data-element_type=\"container\" data-e-type=\"container\" data-settings=\"{&quot;animation_mobile&quot;:&quot;zoomIn&quot;}\">\n\t\t\t\t\t<div class=\"e-con-inner\">\n\t\t\t\t<div class=\"elementor-element elementor-element-9760286 elementor-widget elementor-widget-heading\" data-id=\"9760286\" data-element_type=\"widget\" data-e-type=\"widget\" data-widget_type=\"heading.default\">\n\t\t\t\t<div class=\"elementor-widget-container\">\n\t\t\t\t\t<h2 class=\"elementor-heading-title elementor-size-default\">Our services<\/h2>\t\t\t\t<\/div>\n\t\t\t\t<\/div>\n\t\t\t\t<div class=\"elementor-element elementor-element-857be42 elementor-widget elementor-widget-heading\" data-id=\"857be42\" data-element_type=\"widget\" data-e-type=\"widget\" data-widget_type=\"heading.default\">\n\t\t\t\t<div class=\"elementor-widget-container\">\n\t\t\t\t\t<h2 class=\"elementor-heading-title elementor-size-default\">Professional solutions to protect your systems, data, and reputation.<\/h2>\t\t\t\t<\/div>\n\t\t\t\t<\/div>\n\t\t\t\t\t<\/div>\n\t\t\t\t<\/div>\n\t\t<div class=\"elementor-element elementor-element-7df098d e-flex e-con-boxed e-con e-child\" data-id=\"7df098d\" data-element_type=\"container\" data-e-type=\"container\">\n\t\t\t\t\t<div class=\"e-con-inner\">\n\t\t\t\t<div class=\"elementor-element elementor-element-72dc351 elementor-widget elementor-widget-services-post\" data-id=\"72dc351\" data-element_type=\"widget\" data-e-type=\"widget\" data-widget_type=\"services-post.default\">\n\t\t\t\t<div class=\"elementor-widget-container\">\n\t\t\t\t\t        <section class=\"cyber_security_services_section text-center\">\r\n            <div class=\"container\">\r\n                <div class=\"row\">\r\n                    \t\t\t\t\t\t<!-- DU -->\r\n                        <!--<div class=\"col-lg-3 col-sm-6 col-12 mb-lg-0 mb-4\"-->\r\n\t\t\t\t\t\t\t<div class=\"col-lg-6 col-sm-6 col-12 mb-lg-0 mb-6\">\r\n                            <div class=\"cyber_security_services_box\">\r\n                                <figure class=\"cyber_security_services_image hover-effect\">\r\n                                    <img decoding=\"async\" src=\"https:\/\/digimetrica.com\/wp-content\/uploads\/2025\/06\/servizi-icona-2.png\" alt=\"\" class=\"img-fluid\">\r\n                                <\/figure>\r\n                                <h5>Cybersecurity<\/h5>\r\n\t\t\t\t\t\t\t\t<!--p class=\"text-size-14\">What we do Cybersecurity Cybersecurity isn\u2019t just protection, it\u2019s continuity, trust, and control.&hellip;<\/p-->\r\n                                <p class=\"text-size-14\">Every organization deserves a partner that protects it and adapts to its business\u2014with flexibility and vision.<\/p>\r\n                                <a href=\"https:\/\/digimetrica.com\/en\/our_services\/cybersecurity\/\" class=\"text-decoration-none\">\r\n                                    <figure class=\"mb-0 services_arrow\">\r\n                                        <img decoding=\"async\" src=\"https:\/\/digimetrica.com\/wp-content\/plugins\/fortified-toolkit\/\/assets\/images\/services_arrow.png\" alt=\"\" class=\"img-fluid\">\r\n                                    <\/figure>\r\n                                <\/a>\r\n                            <\/div>\r\n                        <\/div>\r\n                    \t\t\t\t\t\t<!-- DU -->\r\n                        <!--<div class=\"col-lg-3 col-sm-6 col-12 mb-lg-0 mb-4\"-->\r\n\t\t\t\t\t\t\t<div class=\"col-lg-6 col-sm-6 col-12 mb-lg-0 mb-6\">\r\n                            <div class=\"cyber_security_services_box\">\r\n                                <figure class=\"cyber_security_services_image hover-effect\">\r\n                                    <img decoding=\"async\" src=\"https:\/\/digimetrica.com\/wp-content\/uploads\/2025\/06\/servizi-icona-3.png\" alt=\"\" class=\"img-fluid\">\r\n                                <\/figure>\r\n                                <h5>Cloud, Networking e Infrastructure<\/h5>\r\n\t\t\t\t\t\t\t\t<!--p class=\"text-size-14\">What we do Cloud, Networking &amp; Infrastructure Your infrastructure is the backbone of&hellip;<\/p-->\r\n                                <p class=\"text-size-14\">Cloud environments, networks, and customized systems to ensure continuity, performance, and ease of use.<\/p>\r\n                                <a href=\"https:\/\/digimetrica.com\/en\/our_services\/cloud-networking-e-infrastructure\/\" class=\"text-decoration-none\">\r\n                                    <figure class=\"mb-0 services_arrow\">\r\n                                        <img decoding=\"async\" src=\"https:\/\/digimetrica.com\/wp-content\/plugins\/fortified-toolkit\/\/assets\/images\/services_arrow.png\" alt=\"\" class=\"img-fluid\">\r\n                                    <\/figure>\r\n                                <\/a>\r\n                            <\/div>\r\n                        <\/div>\r\n                    \t\t\t\t\t\t<!-- DU -->\r\n                        <!--<div class=\"col-lg-3 col-sm-6 col-12 mb-lg-0 mb-4\"-->\r\n\t\t\t\t\t\t\t<div class=\"col-lg-6 col-sm-6 col-12 mb-lg-0 mb-6\">\r\n                            <div class=\"cyber_security_services_box\">\r\n                                <figure class=\"cyber_security_services_image hover-effect\">\r\n                                    <img decoding=\"async\" src=\"https:\/\/digimetrica.com\/wp-content\/uploads\/2025\/06\/servizi-icona-4.png\" alt=\"\" class=\"img-fluid\">\r\n                                <\/figure>\r\n                                <h5>Compliance, Audit &#038; Training<\/h5>\r\n\t\t\t\t\t\t\t\t<!--p class=\"text-size-14\">What we do Compliance, Audit &amp; Training Compliance is a regulatory requirement, but&hellip;<\/p-->\r\n                                <p class=\"text-size-14\">Tailored cloud environments, networks, and systems that ensure business continuity, performance, and ease of use.<\/p>\r\n                                <a href=\"https:\/\/digimetrica.com\/en\/our_services\/compliance-audit-training\/\" class=\"text-decoration-none\">\r\n                                    <figure class=\"mb-0 services_arrow\">\r\n                                        <img decoding=\"async\" src=\"https:\/\/digimetrica.com\/wp-content\/plugins\/fortified-toolkit\/\/assets\/images\/services_arrow.png\" alt=\"\" class=\"img-fluid\">\r\n                                    <\/figure>\r\n                                <\/a>\r\n                            <\/div>\r\n                        <\/div>\r\n                    \t\t\t\t\t\t<!-- DU -->\r\n                        <!--<div class=\"col-lg-3 col-sm-6 col-12 mb-lg-0 mb-4\"-->\r\n\t\t\t\t\t\t\t<div class=\"col-lg-6 col-sm-6 col-12 mb-lg-0 mb-6\">\r\n                            <div class=\"cyber_security_services_box\">\r\n                                <figure class=\"cyber_security_services_image hover-effect\">\r\n                                    <img decoding=\"async\" src=\"https:\/\/digimetrica.com\/wp-content\/uploads\/2025\/06\/servizi-icona-2.png\" alt=\"\" class=\"img-fluid\">\r\n                                <\/figure>\r\n                                <h5>Managed Services<\/h5>\r\n\t\t\t\t\t\t\t\t<!--p class=\"text-size-14\">What we do Managed Services Cybersecurity is a complex and ever-evolving field. With&hellip;<\/p-->\r\n                                <p class=\"text-size-14\">Advanced expertise, state-of-the-art tools, and continuous coverage to give your IT team an extra edge.<\/p>\r\n                                <a href=\"https:\/\/digimetrica.com\/en\/our_services\/managed-services\/\" class=\"text-decoration-none\">\r\n                                    <figure class=\"mb-0 services_arrow\">\r\n                                        <img decoding=\"async\" src=\"https:\/\/digimetrica.com\/wp-content\/plugins\/fortified-toolkit\/\/assets\/images\/services_arrow.png\" alt=\"\" class=\"img-fluid\">\r\n                                    <\/figure>\r\n                                <\/a>\r\n                            <\/div>\r\n                        <\/div>\r\n                                    <\/div>\r\n            <\/div>\r\n        <\/section>\r\n        \t\t\t\t<\/div>\n\t\t\t\t<\/div>\n\t\t\t\t\t<\/div>\n\t\t\t\t<\/div>\n\t\t\t\t\t<\/div>\n\t\t\t\t<\/div>\n\t\t\t\t<\/div>\n\t\t\t\t<\/div>\n\t\t","protected":false},"excerpt":{"rendered":"<p>Our services Professional solutions to protect your systems, data, and reputation. Ogni organizzazione merita un partner che sappia proteggerla e adattarsi al suo business, con flessibilit\u00e0 e visione. Ambienti cloud, reti e sistemi su misura, per garantire continuit\u00e0, performance e semplicit\u00e0 d\u2019uso. Affianchiamo le aziende con audit tecnici e analisi dei rischi per integrare la [&hellip;]<\/p>\n","protected":false},"author":1,"featured_media":0,"parent":0,"menu_order":0,"comment_status":"closed","ping_status":"closed","template":"elementor_header_footer","meta":{"footnotes":""},"class_list":["post-11237","page","type-page","status-publish","hentry"],"yoast_head":"<!-- This site is optimized with the Yoast SEO plugin v27.4 - https:\/\/yoast.com\/product\/yoast-seo-wordpress\/ -->\n<title>Services &amp; Solutions - Digimetrica<\/title>\n<meta name=\"robots\" content=\"index, follow, max-snippet:-1, max-image-preview:large, max-video-preview:-1\" \/>\n<link rel=\"canonical\" href=\"https:\/\/digimetrica.com\/en\/services-and-solutions\/\" \/>\n<meta property=\"og:locale\" content=\"en_US\" \/>\n<meta property=\"og:type\" content=\"article\" \/>\n<meta property=\"og:title\" content=\"Services &amp; Solutions - Digimetrica\" \/>\n<meta property=\"og:description\" content=\"Our services Professional solutions to protect your systems, data, and reputation. Ogni organizzazione merita un partner che sappia proteggerla e adattarsi al suo business, con flessibilit\u00e0 e visione. Ambienti cloud, reti e sistemi su misura, per garantire continuit\u00e0, performance e semplicit\u00e0 d\u2019uso. Affianchiamo le aziende con audit tecnici e analisi dei rischi per integrare la [&hellip;]\" \/>\n<meta property=\"og:url\" content=\"https:\/\/digimetrica.com\/en\/services-and-solutions\/\" \/>\n<meta property=\"og:site_name\" content=\"Digimetrica\" \/>\n<meta property=\"article:publisher\" content=\"https:\/\/www.facebook.com\/digimetrica\/\" \/>\n<meta property=\"article:modified_time\" content=\"2025-09-03T12:35:55+00:00\" \/>\n<meta property=\"og:image\" content=\"https:\/\/digimetrica.com\/wp-content\/uploads\/2025\/06\/servizi-icona-1.png\" \/>\n<meta name=\"twitter:card\" content=\"summary_large_image\" \/>\n<script type=\"application\/ld+json\" class=\"yoast-schema-graph\">{\"@context\":\"https:\\\/\\\/schema.org\",\"@graph\":[{\"@type\":\"WebPage\",\"@id\":\"https:\\\/\\\/digimetrica.com\\\/en\\\/services-and-solutions\\\/\",\"url\":\"https:\\\/\\\/digimetrica.com\\\/en\\\/services-and-solutions\\\/\",\"name\":\"Services & Solutions - Digimetrica\",\"isPartOf\":{\"@id\":\"https:\\\/\\\/digimetrica.com\\\/#website\"},\"primaryImageOfPage\":{\"@id\":\"https:\\\/\\\/digimetrica.com\\\/en\\\/services-and-solutions\\\/#primaryimage\"},\"image\":{\"@id\":\"https:\\\/\\\/digimetrica.com\\\/en\\\/services-and-solutions\\\/#primaryimage\"},\"thumbnailUrl\":\"https:\\\/\\\/digimetrica.com\\\/wp-content\\\/uploads\\\/2025\\\/06\\\/servizi-icona-1.png\",\"datePublished\":\"2024-03-22T08:41:31+00:00\",\"dateModified\":\"2025-09-03T12:35:55+00:00\",\"breadcrumb\":{\"@id\":\"https:\\\/\\\/digimetrica.com\\\/en\\\/services-and-solutions\\\/#breadcrumb\"},\"inLanguage\":\"en-US\",\"potentialAction\":[{\"@type\":\"ReadAction\",\"target\":[\"https:\\\/\\\/digimetrica.com\\\/en\\\/services-and-solutions\\\/\"]}]},{\"@type\":\"ImageObject\",\"inLanguage\":\"en-US\",\"@id\":\"https:\\\/\\\/digimetrica.com\\\/en\\\/services-and-solutions\\\/#primaryimage\",\"url\":\"https:\\\/\\\/digimetrica.com\\\/wp-content\\\/uploads\\\/2025\\\/06\\\/servizi-icona-1.png\",\"contentUrl\":\"https:\\\/\\\/digimetrica.com\\\/wp-content\\\/uploads\\\/2025\\\/06\\\/servizi-icona-1.png\"},{\"@type\":\"BreadcrumbList\",\"@id\":\"https:\\\/\\\/digimetrica.com\\\/en\\\/services-and-solutions\\\/#breadcrumb\",\"itemListElement\":[{\"@type\":\"ListItem\",\"position\":1,\"name\":\"Home\",\"item\":\"https:\\\/\\\/digimetrica.com\\\/en\\\/\"},{\"@type\":\"ListItem\",\"position\":2,\"name\":\"Services &#038; Solutions\"}]},{\"@type\":\"WebSite\",\"@id\":\"https:\\\/\\\/digimetrica.com\\\/#website\",\"url\":\"https:\\\/\\\/digimetrica.com\\\/\",\"name\":\"Digimetrica\",\"description\":\"IT Security Solutions for Businesses and PA\",\"publisher\":{\"@id\":\"https:\\\/\\\/digimetrica.com\\\/#organization\"},\"potentialAction\":[{\"@type\":\"SearchAction\",\"target\":{\"@type\":\"EntryPoint\",\"urlTemplate\":\"https:\\\/\\\/digimetrica.com\\\/?s={search_term_string}\"},\"query-input\":{\"@type\":\"PropertyValueSpecification\",\"valueRequired\":true,\"valueName\":\"search_term_string\"}}],\"inLanguage\":\"en-US\"},{\"@type\":\"Organization\",\"@id\":\"https:\\\/\\\/digimetrica.com\\\/#organization\",\"name\":\"Digimetrica\",\"url\":\"https:\\\/\\\/digimetrica.com\\\/\",\"logo\":{\"@type\":\"ImageObject\",\"inLanguage\":\"en-US\",\"@id\":\"https:\\\/\\\/digimetrica.com\\\/#\\\/schema\\\/logo\\\/image\\\/\",\"url\":\"https:\\\/\\\/digimetrica.com\\\/wp-content\\\/uploads\\\/2025\\\/06\\\/digimetrica-full-inverted-transparent@2x.png\",\"contentUrl\":\"https:\\\/\\\/digimetrica.com\\\/wp-content\\\/uploads\\\/2025\\\/06\\\/digimetrica-full-inverted-transparent@2x.png\",\"width\":525,\"height\":103,\"caption\":\"Digimetrica\"},\"image\":{\"@id\":\"https:\\\/\\\/digimetrica.com\\\/#\\\/schema\\\/logo\\\/image\\\/\"},\"sameAs\":[\"https:\\\/\\\/www.facebook.com\\\/digimetrica\\\/\",\"https:\\\/\\\/www.linkedin.com\\\/company\\\/digimetrica\"]}]}<\/script>\n<!-- \/ Yoast SEO plugin. -->","yoast_head_json":{"title":"Services & Solutions - Digimetrica","robots":{"index":"index","follow":"follow","max-snippet":"max-snippet:-1","max-image-preview":"max-image-preview:large","max-video-preview":"max-video-preview:-1"},"canonical":"https:\/\/digimetrica.com\/en\/services-and-solutions\/","og_locale":"en_US","og_type":"article","og_title":"Services & Solutions - Digimetrica","og_description":"Our services Professional solutions to protect your systems, data, and reputation. Ogni organizzazione merita un partner che sappia proteggerla e adattarsi al suo business, con flessibilit\u00e0 e visione. Ambienti cloud, reti e sistemi su misura, per garantire continuit\u00e0, performance e semplicit\u00e0 d\u2019uso. Affianchiamo le aziende con audit tecnici e analisi dei rischi per integrare la [&hellip;]","og_url":"https:\/\/digimetrica.com\/en\/services-and-solutions\/","og_site_name":"Digimetrica","article_publisher":"https:\/\/www.facebook.com\/digimetrica\/","article_modified_time":"2025-09-03T12:35:55+00:00","og_image":[{"url":"https:\/\/digimetrica.com\/wp-content\/uploads\/2025\/06\/servizi-icona-1.png","type":"","width":"","height":""}],"twitter_card":"summary_large_image","schema":{"@context":"https:\/\/schema.org","@graph":[{"@type":"WebPage","@id":"https:\/\/digimetrica.com\/en\/services-and-solutions\/","url":"https:\/\/digimetrica.com\/en\/services-and-solutions\/","name":"Services & Solutions - Digimetrica","isPartOf":{"@id":"https:\/\/digimetrica.com\/#website"},"primaryImageOfPage":{"@id":"https:\/\/digimetrica.com\/en\/services-and-solutions\/#primaryimage"},"image":{"@id":"https:\/\/digimetrica.com\/en\/services-and-solutions\/#primaryimage"},"thumbnailUrl":"https:\/\/digimetrica.com\/wp-content\/uploads\/2025\/06\/servizi-icona-1.png","datePublished":"2024-03-22T08:41:31+00:00","dateModified":"2025-09-03T12:35:55+00:00","breadcrumb":{"@id":"https:\/\/digimetrica.com\/en\/services-and-solutions\/#breadcrumb"},"inLanguage":"en-US","potentialAction":[{"@type":"ReadAction","target":["https:\/\/digimetrica.com\/en\/services-and-solutions\/"]}]},{"@type":"ImageObject","inLanguage":"en-US","@id":"https:\/\/digimetrica.com\/en\/services-and-solutions\/#primaryimage","url":"https:\/\/digimetrica.com\/wp-content\/uploads\/2025\/06\/servizi-icona-1.png","contentUrl":"https:\/\/digimetrica.com\/wp-content\/uploads\/2025\/06\/servizi-icona-1.png"},{"@type":"BreadcrumbList","@id":"https:\/\/digimetrica.com\/en\/services-and-solutions\/#breadcrumb","itemListElement":[{"@type":"ListItem","position":1,"name":"Home","item":"https:\/\/digimetrica.com\/en\/"},{"@type":"ListItem","position":2,"name":"Services &#038; Solutions"}]},{"@type":"WebSite","@id":"https:\/\/digimetrica.com\/#website","url":"https:\/\/digimetrica.com\/","name":"Digimetrica","description":"IT Security Solutions for Businesses and PA","publisher":{"@id":"https:\/\/digimetrica.com\/#organization"},"potentialAction":[{"@type":"SearchAction","target":{"@type":"EntryPoint","urlTemplate":"https:\/\/digimetrica.com\/?s={search_term_string}"},"query-input":{"@type":"PropertyValueSpecification","valueRequired":true,"valueName":"search_term_string"}}],"inLanguage":"en-US"},{"@type":"Organization","@id":"https:\/\/digimetrica.com\/#organization","name":"Digimetrica","url":"https:\/\/digimetrica.com\/","logo":{"@type":"ImageObject","inLanguage":"en-US","@id":"https:\/\/digimetrica.com\/#\/schema\/logo\/image\/","url":"https:\/\/digimetrica.com\/wp-content\/uploads\/2025\/06\/digimetrica-full-inverted-transparent@2x.png","contentUrl":"https:\/\/digimetrica.com\/wp-content\/uploads\/2025\/06\/digimetrica-full-inverted-transparent@2x.png","width":525,"height":103,"caption":"Digimetrica"},"image":{"@id":"https:\/\/digimetrica.com\/#\/schema\/logo\/image\/"},"sameAs":["https:\/\/www.facebook.com\/digimetrica\/","https:\/\/www.linkedin.com\/company\/digimetrica"]}]}},"_links":{"self":[{"href":"https:\/\/digimetrica.com\/en\/wp-json\/wp\/v2\/pages\/11237","targetHints":{"allow":["GET"]}}],"collection":[{"href":"https:\/\/digimetrica.com\/en\/wp-json\/wp\/v2\/pages"}],"about":[{"href":"https:\/\/digimetrica.com\/en\/wp-json\/wp\/v2\/types\/page"}],"author":[{"embeddable":true,"href":"https:\/\/digimetrica.com\/en\/wp-json\/wp\/v2\/users\/1"}],"replies":[{"embeddable":true,"href":"https:\/\/digimetrica.com\/en\/wp-json\/wp\/v2\/comments?post=11237"}],"version-history":[{"count":6,"href":"https:\/\/digimetrica.com\/en\/wp-json\/wp\/v2\/pages\/11237\/revisions"}],"predecessor-version":[{"id":11286,"href":"https:\/\/digimetrica.com\/en\/wp-json\/wp\/v2\/pages\/11237\/revisions\/11286"}],"wp:attachment":[{"href":"https:\/\/digimetrica.com\/en\/wp-json\/wp\/v2\/media?parent=11237"}],"curies":[{"name":"wp","href":"https:\/\/api.w.org\/{rel}","templated":true}]}}